{"id":106,"date":"2022-01-28T00:16:59","date_gmt":"2022-01-27T23:16:59","guid":{"rendered":"https:\/\/onzemm.com\/?page_id=106"},"modified":"2023-05-16T16:43:34","modified_gmt":"2023-05-16T14:43:34","slug":"nos-realisations","status":"publish","type":"page","link":"https:\/\/onzemm.com\/index.php\/nos-realisations\/","title":{"rendered":"Nos r\u00e9alisations"},"content":{"rendered":"<p>[et_pb_section fb_built=\u00a0\u00bb1&Prime; _builder_version=\u00a0\u00bb4.16&Prime; background_enable_color=\u00a0\u00bboff\u00a0\u00bb custom_padding=\u00a0\u00bb38px||31px|||\u00a0\u00bb global_colors_info=\u00a0\u00bb{}\u00a0\u00bb][et_pb_row custom_padding_last_edited=\u00a0\u00bbon|phone\u00a0\u00bb _builder_version=\u00a0\u00bb4.17.3&Prime; custom_padding_tablet=\u00a0\u00bb\u00a0\u00bb custom_padding_phone=\u00a0\u00bb||0px||false|false\u00a0\u00bb global_colors_info=\u00a0\u00bb{}\u00a0\u00bb][et_pb_column type=\u00a0\u00bb4_4&Prime; _builder_version=\u00a0\u00bb4.16&Prime; global_colors_info=\u00a0\u00bb{}\u00a0\u00bb][et_pb_text _builder_version=\u00a0\u00bb4.17.3&Prime; header_font=\u00a0\u00bbOpen Sans|800||on|||||\u00a0\u00bb header_text_align=\u00a0\u00bbcenter\u00a0\u00bb header_text_color=\u00a0\u00bb#001545&Prime; header_font_size=\u00a0\u00bb34px\u00a0\u00bb header_line_height=\u00a0\u00bb1.6em\u00a0\u00bb custom_margin=\u00a0\u00bb||10px|||\u00a0\u00bb animation_style=\u00a0\u00bbslide\u00a0\u00bb animation_direction=\u00a0\u00bbtop\u00a0\u00bb header_text_align_tablet=\u00a0\u00bbcenter\u00a0\u00bb header_text_align_phone=\u00a0\u00bbleft\u00a0\u00bb header_text_align_last_edited=\u00a0\u00bbon|phone\u00a0\u00bb header_font_size_tablet=\u00a0\u00bb34px\u00a0\u00bb header_font_size_phone=\u00a0\u00bb30px\u00a0\u00bb header_font_size_last_edited=\u00a0\u00bbon|phone\u00a0\u00bb global_colors_info=\u00a0\u00bb{}\u00a0\u00bb]<\/p>\n<h1>Nos r\u00e9alisations<\/h1>\n<p>[\/et_pb_text][et_pb_filterable_portfolio fullwidth=\u00a0\u00bboff\u00a0\u00bb posts_number=\u00a0\u00bb30&Prime; include_categories=\u00a0\u00bb4,5&Prime; show_categories=\u00a0\u00bboff\u00a0\u00bb show_pagination=\u00a0\u00bboff\u00a0\u00bb zoom_icon_color=\u00a0\u00bbRGBA(255,255,255,0)\u00a0\u00bb hover_overlay_color=\u00a0\u00bbRGBA(255,255,255,0)\u00a0\u00bb disabled_on=\u00a0\u00bbon|off|off\u00a0\u00bb module_class=\u00a0\u00bbthree-column-grid my-delet-border\u00a0\u00bb _builder_version=\u00a0\u00bb4.18.0&Prime; title_font=\u00a0\u00bbOpen Sans|||on|||||\u00a0\u00bb title_text_color=\u00a0\u00bb#FFFFFF\u00a0\u00bb title_font_size=\u00a0\u00bb18px\u00a0\u00bb filter_font=\u00a0\u00bbOpen Sans|||on|||||\u00a0\u00bb filter_text_color=\u00a0\u00bb#001545&Prime; filter_font_size=\u00a0\u00bb18px\u00a0\u00bb caption_text_align=\u00a0\u00bbcenter\u00a0\u00bb text_orientation=\u00a0\u00bbcenter\u00a0\u00bb custom_margin=\u00a0\u00bb|||50px|false|false\u00a0\u00bb custom_margin_tablet=\u00a0\u00bb|0px||0px|false|false\u00a0\u00bb custom_margin_phone=\u00a0\u00bb|||0px|false|false\u00a0\u00bb custom_margin_last_edited=\u00a0\u00bbon|phone\u00a0\u00bb custom_padding=\u00a0\u00bb||0px|||\u00a0\u00bb animation_direction=\u00a0\u00bbbottom\u00a0\u00bb enable_grid_motion=\u00a0\u00bbon\u00a0\u00bb scroll_scaling=\u00a0\u00bb0|50|50|100|85%|100|100&Prime; hover_enabled=\u00a0\u00bb0&Prime; custom_css_main_element=\u00a0\u00bb.three-column-grid .et_pb_grid_item {||width: 28.333% !important;||margin: 0 7.5% 7.5% 0 !important;||}|| ||.three-column-grid .et_pb_grid_item:nth-child(3n) {||margin-right: 0 !important;||}||||.three-column-grid .et_pb_grid_item:nth-child(3n+1) {||clear: left;||}||||.three-column-grid .et_pb_grid_item:nth-child(4n+1) {||  clear: unset !important;||}\u00a0\u00bb custom_css_portfolio_filters=\u00a0\u00bbborder:none;||\u00a0\u00bb custom_css_active_portfolio_filter=\u00a0\u00bbborder:none;||background-color:white;||text-decoration:underline #efc53b;||text-underline-offset: 5px;||text-decoration-thickness: 2px;\u00a0\u00bb border_radii_image=\u00a0\u00bbon|2px|2px|2px|2px\u00a0\u00bb global_colors_info=\u00a0\u00bb{}\u00a0\u00bb sticky_enabled=\u00a0\u00bb0&Prime;][\/et_pb_filterable_portfolio][et_pb_portfolio posts_number=\u00a0\u00bb100&Prime; include_categories=\u00a0\u00bball\u00a0\u00bb show_title=\u00a0\u00bboff\u00a0\u00bb show_categories=\u00a0\u00bboff\u00a0\u00bb show_pagination=\u00a0\u00bboff\u00a0\u00bb disabled_on=\u00a0\u00bboff|on|on\u00a0\u00bb _builder_version=\u00a0\u00bb4.17.3&Prime; _module_preset=\u00a0\u00bbdefault\u00a0\u00bb custom_margin=\u00a0\u00bb39px||50px|||\u00a0\u00bb animation_style=\u00a0\u00bbfade\u00a0\u00bb global_colors_info=\u00a0\u00bb{}\u00a0\u00bb][\/et_pb_portfolio][et_pb_button button_url=\u00a0\u00bbhttps:\/\/onzemm.com\/index.php\/contact\/\u00a0\u00bb button_text=\u00a0\u00bbObtenir ma maquette\u00a0\u00bb button_alignment=\u00a0\u00bbcenter\u00a0\u00bb button_alignment_tablet=\u00a0\u00bbcenter\u00a0\u00bb button_alignment_phone=\u00a0\u00bbleft\u00a0\u00bb button_alignment_last_edited=\u00a0\u00bbon|phone\u00a0\u00bb _builder_version=\u00a0\u00bb4.17.4&Prime; custom_button=\u00a0\u00bbon\u00a0\u00bb button_text_size=\u00a0\u00bb18px\u00a0\u00bb button_text_color=\u00a0\u00bb#ffffff\u00a0\u00bb button_bg_color=\u00a0\u00bb#efc53b\u00a0\u00bb button_border_color=\u00a0\u00bb#efc53b\u00a0\u00bb button_border_radius=\u00a0\u00bb5px\u00a0\u00bb button_letter_spacing=\u00a0\u00bb2px\u00a0\u00bb button_font=\u00a0\u00bbOpen Sans|700|||||||\u00a0\u00bb button_icon=\u00a0\u00bb&#x45;||divi||400&Prime; button_icon_color=\u00a0\u00bb#ffd941&Prime; custom_margin=\u00a0\u00bb33px||27px||false|false\u00a0\u00bb custom_margin_tablet=\u00a0\u00bb33px||0px||false|false\u00a0\u00bb custom_margin_phone=\u00a0\u00bb33px||0px||false|false\u00a0\u00bb custom_margin_last_edited=\u00a0\u00bbon|tablet\u00a0\u00bb custom_padding=\u00a0\u00bb||||false|false\u00a0\u00bb global_colors_info=\u00a0\u00bb{}\u00a0\u00bb button_text_color__hover_enabled=\u00a0\u00bbon|hover\u00a0\u00bb button_text_color__hover=\u00a0\u00bb#efc53b\u00a0\u00bb button_bg_color__hover_enabled=\u00a0\u00bbon|desktop\u00a0\u00bb button_bg_color__hover=\u00a0\u00bb#ffffff\u00a0\u00bb button_bg_enable_color__hover=\u00a0\u00bbon\u00a0\u00bb][\/et_pb_button][\/et_pb_column][\/et_pb_row][\/et_pb_section]<\/p>\n","protected":false},"excerpt":{"rendered":"<p>Nos r\u00e9alisations<\/p>\n","protected":false},"author":1,"featured_media":1134,"parent":0,"menu_order":0,"comment_status":"closed","ping_status":"closed","template":"","meta":{"_et_pb_use_builder":"on","_et_pb_old_content":"","_et_gb_content_width":"","inline_featured_image":false,"footnotes":""},"class_list":["post-106","page","type-page","status-publish","has-post-thumbnail","hentry"],"yoast_head":"<!-- This site is optimized with the Yoast SEO plugin v21.5 - https:\/\/yoast.com\/wordpress\/plugins\/seo\/ -->\n<title>Nos r\u00e9alisations<\/title>\n<meta name=\"description\" content=\"D\u00e9couvrez nos derniers projets de maquettes physiques et num\u00e9riques d&#039;architecture.\" \/>\n<meta name=\"robots\" content=\"index, follow, max-snippet:-1, max-image-preview:large, max-video-preview:-1\" \/>\n<link rel=\"canonical\" href=\"https:\/\/onzemm.com\/index.php\/nos-realisations\/\" \/>\n<meta property=\"og:locale\" content=\"fr_FR\" \/>\n<meta property=\"og:type\" content=\"article\" \/>\n<meta property=\"og:title\" content=\"Nos r\u00e9alisations\" \/>\n<meta property=\"og:description\" content=\"D\u00e9couvrez nos derniers projets de maquettes physiques et num\u00e9riques d&#039;architecture.\" \/>\n<meta property=\"og:url\" content=\"https:\/\/onzemm.com\/index.php\/nos-realisations\/\" \/>\n<meta property=\"og:site_name\" content=\"Onze mm\" \/>\n<meta property=\"article:modified_time\" content=\"2023-05-16T14:43:34+00:00\" \/>\n<meta property=\"og:image\" content=\"https:\/\/onzemm.com\/wp-content\/uploads\/2022\/05\/logo-Onze-mm.png\" \/>\n\t<meta property=\"og:image:width\" content=\"345\" \/>\n\t<meta property=\"og:image:height\" content=\"389\" \/>\n\t<meta property=\"og:image:type\" content=\"image\/png\" \/>\n<meta name=\"twitter:card\" content=\"summary_large_image\" \/>\n<meta name=\"twitter:label1\" content=\"Dur\u00e9e de lecture estim\u00e9e\" \/>\n\t<meta name=\"twitter:data1\" content=\"1 minute\" \/>\n<script type=\"application\/ld+json\" class=\"yoast-schema-graph\">{\"@context\":\"https:\/\/schema.org\",\"@graph\":[{\"@type\":\"WebPage\",\"@id\":\"https:\/\/onzemm.com\/index.php\/nos-realisations\/\",\"url\":\"https:\/\/onzemm.com\/index.php\/nos-realisations\/\",\"name\":\"Nos r\u00e9alisations\",\"isPartOf\":{\"@id\":\"https:\/\/onzemm.com\/#website\"},\"datePublished\":\"2022-01-27T23:16:59+00:00\",\"dateModified\":\"2023-05-16T14:43:34+00:00\",\"description\":\"D\u00e9couvrez nos derniers projets de maquettes physiques et num\u00e9riques d'architecture.\",\"breadcrumb\":{\"@id\":\"https:\/\/onzemm.com\/index.php\/nos-realisations\/#breadcrumb\"},\"inLanguage\":\"fr-FR\",\"potentialAction\":[{\"@type\":\"ReadAction\",\"target\":[\"https:\/\/onzemm.com\/index.php\/nos-realisations\/\"]}]},{\"@type\":\"BreadcrumbList\",\"@id\":\"https:\/\/onzemm.com\/index.php\/nos-realisations\/#breadcrumb\",\"itemListElement\":[{\"@type\":\"ListItem\",\"position\":1,\"name\":\"Accueil\",\"item\":\"https:\/\/onzemm.com\/\"},{\"@type\":\"ListItem\",\"position\":2,\"name\":\"Nos r\u00e9alisations\"}]},{\"@type\":\"WebSite\",\"@id\":\"https:\/\/onzemm.com\/#website\",\"url\":\"https:\/\/onzemm.com\/\",\"name\":\"Onze mm\",\"description\":\"Cr\u00e9ation de maquettes d&#039;architecture\",\"potentialAction\":[{\"@type\":\"SearchAction\",\"target\":{\"@type\":\"EntryPoint\",\"urlTemplate\":\"https:\/\/onzemm.com\/?s={search_term_string}\"},\"query-input\":\"required name=search_term_string\"}],\"inLanguage\":\"fr-FR\"}]}<\/script>\n<!-- \/ Yoast SEO plugin. -->","yoast_head_json":{"title":"Nos r\u00e9alisations","description":"D\u00e9couvrez nos derniers projets de maquettes physiques et num\u00e9riques d'architecture.","robots":{"index":"index","follow":"follow","max-snippet":"max-snippet:-1","max-image-preview":"max-image-preview:large","max-video-preview":"max-video-preview:-1"},"canonical":"https:\/\/onzemm.com\/index.php\/nos-realisations\/","og_locale":"fr_FR","og_type":"article","og_title":"Nos r\u00e9alisations","og_description":"D\u00e9couvrez nos derniers projets de maquettes physiques et num\u00e9riques d'architecture.","og_url":"https:\/\/onzemm.com\/index.php\/nos-realisations\/","og_site_name":"Onze mm","article_modified_time":"2023-05-16T14:43:34+00:00","og_image":[{"width":345,"height":389,"url":"https:\/\/onzemm.com\/wp-content\/uploads\/2022\/05\/logo-Onze-mm.png","type":"image\/png"}],"twitter_card":"summary_large_image","twitter_misc":{"Dur\u00e9e de lecture estim\u00e9e":"1 minute"},"schema":{"@context":"https:\/\/schema.org","@graph":[{"@type":"WebPage","@id":"https:\/\/onzemm.com\/index.php\/nos-realisations\/","url":"https:\/\/onzemm.com\/index.php\/nos-realisations\/","name":"Nos r\u00e9alisations","isPartOf":{"@id":"https:\/\/onzemm.com\/#website"},"datePublished":"2022-01-27T23:16:59+00:00","dateModified":"2023-05-16T14:43:34+00:00","description":"D\u00e9couvrez nos derniers projets de maquettes physiques et num\u00e9riques d'architecture.","breadcrumb":{"@id":"https:\/\/onzemm.com\/index.php\/nos-realisations\/#breadcrumb"},"inLanguage":"fr-FR","potentialAction":[{"@type":"ReadAction","target":["https:\/\/onzemm.com\/index.php\/nos-realisations\/"]}]},{"@type":"BreadcrumbList","@id":"https:\/\/onzemm.com\/index.php\/nos-realisations\/#breadcrumb","itemListElement":[{"@type":"ListItem","position":1,"name":"Accueil","item":"https:\/\/onzemm.com\/"},{"@type":"ListItem","position":2,"name":"Nos r\u00e9alisations"}]},{"@type":"WebSite","@id":"https:\/\/onzemm.com\/#website","url":"https:\/\/onzemm.com\/","name":"Onze mm","description":"Cr\u00e9ation de maquettes d&#039;architecture","potentialAction":[{"@type":"SearchAction","target":{"@type":"EntryPoint","urlTemplate":"https:\/\/onzemm.com\/?s={search_term_string}"},"query-input":"required name=search_term_string"}],"inLanguage":"fr-FR"}]}},"_links":{"self":[{"href":"https:\/\/onzemm.com\/index.php\/wp-json\/wp\/v2\/pages\/106","targetHints":{"allow":["GET"]}}],"collection":[{"href":"https:\/\/onzemm.com\/index.php\/wp-json\/wp\/v2\/pages"}],"about":[{"href":"https:\/\/onzemm.com\/index.php\/wp-json\/wp\/v2\/types\/page"}],"author":[{"embeddable":true,"href":"https:\/\/onzemm.com\/index.php\/wp-json\/wp\/v2\/users\/1"}],"replies":[{"embeddable":true,"href":"https:\/\/onzemm.com\/index.php\/wp-json\/wp\/v2\/comments?post=106"}],"version-history":[{"count":62,"href":"https:\/\/onzemm.com\/index.php\/wp-json\/wp\/v2\/pages\/106\/revisions"}],"predecessor-version":[{"id":1588,"href":"https:\/\/onzemm.com\/index.php\/wp-json\/wp\/v2\/pages\/106\/revisions\/1588"}],"wp:featuredmedia":[{"embeddable":true,"href":"https:\/\/onzemm.com\/index.php\/wp-json\/wp\/v2\/media\/1134"}],"wp:attachment":[{"href":"https:\/\/onzemm.com\/index.php\/wp-json\/wp\/v2\/media?parent=106"}],"curies":[{"name":"wp","href":"https:\/\/api.w.org\/{rel}","templated":true}]}}