{"id":311,"date":"2022-02-17T12:03:04","date_gmt":"2022-02-17T11:03:04","guid":{"rendered":"https:\/\/onzemm.com\/?page_id=311"},"modified":"2023-02-28T10:13:35","modified_gmt":"2023-02-28T09:13:35","slug":"accueil","status":"publish","type":"page","link":"https:\/\/onzemm.com\/","title":{"rendered":"Accueil"},"content":{"rendered":"<p>[et_pb_section fb_built=\u00a0\u00bb1&Prime; fullwidth=\u00a0\u00bbon\u00a0\u00bb _builder_version=\u00a0\u00bb4.16&Prime; _module_preset=\u00a0\u00bbdefault\u00a0\u00bb animation_style=\u00a0\u00bbfade\u00a0\u00bb global_colors_info=\u00a0\u00bb{}\u00a0\u00bb][et_pb_fullwidth_code _builder_version=\u00a0\u00bb4.17.4&Prime; _module_preset=\u00a0\u00bbdefault\u00a0\u00bb global_colors_info=\u00a0\u00bb{}\u00a0\u00bb]        <\/p>\n<div class=\"accueilSection\"><!-- [et_pb_line_break_holder] -->            <a class=\"boxImgSection\" href=\"https:\/\/onzemm.com\/index.php\/maquettes-physiques-d-architecture\/\"><!-- [et_pb_line_break_holder] -->                <img decoding=\"async\" class=\"imgSection\" src=\"https:\/\/onzemm.com\/wp-content\/uploads\/2022\/04\/Atelier-maquette-scaled.jpg\" alt=\"\"><!-- [et_pb_line_break_holder] -->                <\/p>\n<div class=\"boxTextImgSection\"><!-- [et_pb_line_break_holder] -->                    <\/p>\n<h2 class=\"textImgSection\">ATELIER MAQUETTE<\/h2>\n<p><!-- [et_pb_line_break_holder] -->                <\/div>\n<p><!-- [et_pb_line_break_holder] -->            <\/a><!-- [et_pb_line_break_holder] -->            <a class=\"boxImgSection\" href=\"https:\/\/onzemm.com\/index.php\/service-decoupe\/\"><!-- [et_pb_line_break_holder] -->                <img decoding=\"async\" class=\"imgSection\" src=\"https:\/\/onzemm.com\/wp-content\/uploads\/2022\/04\/Decoupe-laser-1.jpg\" alt=\"\"><!-- [et_pb_line_break_holder] -->                <\/p>\n<div class=\"boxTextImgSection\"><!-- [et_pb_line_break_holder] -->                    <\/p>\n<h2 class=\"textImgSection\">SERVICE DECOUPE LASER<\/h2>\n<p><!-- [et_pb_line_break_holder] -->                <\/div>\n<p><!-- [et_pb_line_break_holder] -->            <\/a><!-- [et_pb_line_break_holder] -->            <a class=\"boxImgSection\" href=\"https:\/\/onzemm.com\/\"><!-- [et_pb_line_break_holder] -->                <img decoding=\"async\" class=\"imgSection\" src=\"https:\/\/onzemm.com\/wp-content\/uploads\/2022\/04\/maquette-virtuelle-darchitecture.png\" alt=\"\"><!-- [et_pb_line_break_holder] -->                <\/p>\n<div class=\"boxTextImgSection\"><!-- [et_pb_line_break_holder] -->                    <\/p>\n<h2 class=\"textImgSection\">A VENIR&#8230;<\/h2>\n<p><!-- [et_pb_line_break_holder] -->                <\/div>\n<p><!-- [et_pb_line_break_holder] -->            <\/a><!-- [et_pb_line_break_holder] -->        <\/div>\n<p><!-- [et_pb_line_break_holder] -->        <\/p>\n<style><!-- [et_pb_line_break_holder] -->            body {<!-- [et_pb_line_break_holder] -->                margin: 0;<!-- [et_pb_line_break_holder] -->            }<!-- [et_pb_line_break_holder] -->            .accueilSection {<!-- [et_pb_line_break_holder] -->                width: 100%;<!-- [et_pb_line_break_holder] -->                display: flex;<!-- [et_pb_line_break_holder] -->                flex-direction: row;<!-- [et_pb_line_break_holder] -->            }<!-- [et_pb_line_break_holder] -->            .boxImgSection {<!-- [et_pb_line_break_holder] -->                width: 33.33%;<!-- [et_pb_line_break_holder] -->                min-width: 31%;<!-- [et_pb_line_break_holder] -->                transition: all 0.3s;<!-- [et_pb_line_break_holder] -->                height: calc(100vh - 80px);<!-- [et_pb_line_break_holder] -->                position: relative;<!-- [et_pb_line_break_holder] -->                cursor: pointer;<!-- [et_pb_line_break_holder] -->            }<!-- [et_pb_line_break_holder] -->            .imgSection {<!-- [et_pb_line_break_holder] -->                width: 100%;<!-- [et_pb_line_break_holder] -->                height: 100%;<!-- [et_pb_line_break_holder] -->                object-fit: cover;<!-- [et_pb_line_break_holder] -->            }<!-- [et_pb_line_break_holder] -->            .textImgSection {<!-- [et_pb_line_break_holder] -->                font-family: open sans;<!-- [et_pb_line_break_holder] -->                font-weight: bolder;<!-- [et_pb_line_break_holder] -->                font-size: 30px;<!-- [et_pb_line_break_holder] -->            }<!-- [et_pb_line_break_holder] -->            .boxTextImgSection {<!-- [et_pb_line_break_holder] -->                top: 0px;<!-- [et_pb_line_break_holder] -->                left: 0px;<!-- [et_pb_line_break_holder] -->                width: 100%;<!-- [et_pb_line_break_holder] -->                height: 100%;<!-- [et_pb_line_break_holder] -->                display: flex;<!-- [et_pb_line_break_holder] -->                align-items: center;<!-- [et_pb_line_break_holder] -->                justify-content: center;<!-- [et_pb_line_break_holder] -->                position: absolute;<!-- [et_pb_line_break_holder] -->                background-color: #00000000;<!-- [et_pb_line_break_holder] -->                transition: all 0.3s;<!-- [et_pb_line_break_holder] -->            }<!-- [et_pb_line_break_holder] -->            .textImgSection {<!-- [et_pb_line_break_holder] -->                color: white;<!-- [et_pb_line_break_holder] -->                opacity: 0;<!-- [et_pb_line_break_holder] -->                transition: all 0.3s;<!-- [et_pb_line_break_holder] -->                margin-top: 50px;<!-- [et_pb_line_break_holder] -->            }<!-- [et_pb_line_break_holder] -->            .boxTextImgSection:hover {<!-- [et_pb_line_break_holder] -->                background-color: #00000090;<!-- [et_pb_line_break_holder] -->            }<!-- [et_pb_line_break_holder] -->            .boxTextImgSection:hover > .textImgSection {<!-- [et_pb_line_break_holder] -->                opacity: 1;<!-- [et_pb_line_break_holder] -->                margin-top: 0px;<!-- [et_pb_line_break_holder] -->            }<!-- [et_pb_line_break_holder] -->            @media screen and (min-width: 1101px) {<!-- [et_pb_line_break_holder] -->                .boxImgSection:hover {<!-- [et_pb_line_break_holder] -->                    width: 38%;<!-- [et_pb_line_break_holder] -->                }<!-- [et_pb_line_break_holder] -->            }<!-- [et_pb_line_break_holder] -->            @media screen and (max-width: 1100px) {<!-- [et_pb_line_break_holder] -->                .accueilSection {<!-- [et_pb_line_break_holder] -->                    flex-direction: column;<!-- [et_pb_line_break_holder] -->                }<!-- [et_pb_line_break_holder] -->                .boxImgSection {<!-- [et_pb_line_break_holder] -->                    width: 100%;<!-- [et_pb_line_break_holder] -->                    transition: all 0.3s;<!-- [et_pb_line_break_holder] -->                    height: calc(100vh - 80px);<!-- [et_pb_line_break_holder] -->                    position: relative;<!-- [et_pb_line_break_holder] -->                    cursor: pointer;<!-- [et_pb_line_break_holder] -->                    height: calc((100vh - 80px) \/ 3);<!-- [et_pb_line_break_holder] -->                }<!-- [et_pb_line_break_holder] -->                .textImgSection {<!-- [et_pb_line_break_holder] -->                    opacity: 1;<!-- [et_pb_line_break_holder] -->                    transition: none;<!-- [et_pb_line_break_holder] -->                    margin-top: 0px;<!-- [et_pb_line_break_holder] -->                }<!-- [et_pb_line_break_holder] -->                .boxTextImgSection {<!-- [et_pb_line_break_holder] -->                background-color: #00000050;<!-- [et_pb_line_break_holder] -->            }<!-- [et_pb_line_break_holder] -->            }<!-- [et_pb_line_break_holder] -->        <\/style>\n<p>[\/et_pb_fullwidth_code][\/et_pb_section]<\/p>\n","protected":false},"excerpt":{"rendered":"","protected":false},"author":1,"featured_media":1134,"parent":0,"menu_order":0,"comment_status":"closed","ping_status":"closed","template":"","meta":{"_et_pb_use_builder":"on","_et_pb_old_content":"","_et_gb_content_width":"","inline_featured_image":false,"footnotes":""},"class_list":["post-311","page","type-page","status-publish","has-post-thumbnail","hentry"],"yoast_head":"<!-- This site is optimized with the Yoast SEO plugin v21.5 - https:\/\/yoast.com\/wordpress\/plugins\/seo\/ -->\n<title>Atelier de cr\u00e9ation de maquettes physiques et num\u00e9riques d&#039;architecture<\/title>\n<meta name=\"description\" content=\"Construction de maquettes physiques, d\u00e9coupe laser, d\u00e9coupe CNC, impression 3D, imagerie 3D, r\u00e9alit\u00e9 virtuelle, r\u00e9alit\u00e9 augment\u00e9e...\" \/>\n<meta name=\"robots\" content=\"index, follow, max-snippet:-1, max-image-preview:large, max-video-preview:-1\" \/>\n<link rel=\"canonical\" href=\"https:\/\/onzemm.com\/\" \/>\n<meta property=\"og:locale\" content=\"fr_FR\" \/>\n<meta property=\"og:type\" content=\"article\" \/>\n<meta property=\"og:title\" content=\"Atelier de cr\u00e9ation de maquettes physiques et num\u00e9riques d&#039;architecture\" \/>\n<meta property=\"og:description\" content=\"Construction de maquettes physiques, d\u00e9coupe laser, d\u00e9coupe CNC, impression 3D, imagerie 3D, r\u00e9alit\u00e9 virtuelle, r\u00e9alit\u00e9 augment\u00e9e...\" \/>\n<meta property=\"og:url\" content=\"https:\/\/onzemm.com\/\" \/>\n<meta property=\"og:site_name\" content=\"Onze mm\" \/>\n<meta property=\"article:modified_time\" content=\"2023-02-28T09:13:35+00:00\" \/>\n<meta property=\"og:image\" content=\"https:\/\/onzemm.com\/wp-content\/uploads\/2022\/05\/logo-Onze-mm.png\" \/>\n\t<meta property=\"og:image:width\" content=\"345\" \/>\n\t<meta property=\"og:image:height\" content=\"389\" \/>\n\t<meta property=\"og:image:type\" content=\"image\/png\" \/>\n<meta name=\"twitter:card\" content=\"summary_large_image\" \/>\n<meta name=\"twitter:label1\" content=\"Dur\u00e9e de lecture estim\u00e9e\" \/>\n\t<meta name=\"twitter:data1\" content=\"2 minutes\" \/>\n<script type=\"application\/ld+json\" class=\"yoast-schema-graph\">{\"@context\":\"https:\/\/schema.org\",\"@graph\":[{\"@type\":\"WebPage\",\"@id\":\"https:\/\/onzemm.com\/\",\"url\":\"https:\/\/onzemm.com\/\",\"name\":\"Atelier de cr\u00e9ation de maquettes physiques et num\u00e9riques d'architecture\",\"isPartOf\":{\"@id\":\"https:\/\/onzemm.com\/#website\"},\"datePublished\":\"2022-02-17T11:03:04+00:00\",\"dateModified\":\"2023-02-28T09:13:35+00:00\",\"description\":\"Construction de maquettes physiques, d\u00e9coupe laser, d\u00e9coupe CNC, impression 3D, imagerie 3D, r\u00e9alit\u00e9 virtuelle, r\u00e9alit\u00e9 augment\u00e9e...\",\"breadcrumb\":{\"@id\":\"https:\/\/onzemm.com\/#breadcrumb\"},\"inLanguage\":\"fr-FR\",\"potentialAction\":[{\"@type\":\"ReadAction\",\"target\":[\"https:\/\/onzemm.com\/\"]}]},{\"@type\":\"BreadcrumbList\",\"@id\":\"https:\/\/onzemm.com\/#breadcrumb\",\"itemListElement\":[{\"@type\":\"ListItem\",\"position\":1,\"name\":\"Accueil\",\"item\":\"https:\/\/onzemm.com\/\"},{\"@type\":\"ListItem\",\"position\":2,\"name\":\"Accueil\"}]},{\"@type\":\"WebSite\",\"@id\":\"https:\/\/onzemm.com\/#website\",\"url\":\"https:\/\/onzemm.com\/\",\"name\":\"Onze mm\",\"description\":\"Cr\u00e9ation de maquettes d&#039;architecture\",\"potentialAction\":[{\"@type\":\"SearchAction\",\"target\":{\"@type\":\"EntryPoint\",\"urlTemplate\":\"https:\/\/onzemm.com\/?s={search_term_string}\"},\"query-input\":\"required name=search_term_string\"}],\"inLanguage\":\"fr-FR\"}]}<\/script>\n<!-- \/ Yoast SEO plugin. -->","yoast_head_json":{"title":"Atelier de cr\u00e9ation de maquettes physiques et num\u00e9riques d'architecture","description":"Construction de maquettes physiques, d\u00e9coupe laser, d\u00e9coupe CNC, impression 3D, imagerie 3D, r\u00e9alit\u00e9 virtuelle, r\u00e9alit\u00e9 augment\u00e9e...","robots":{"index":"index","follow":"follow","max-snippet":"max-snippet:-1","max-image-preview":"max-image-preview:large","max-video-preview":"max-video-preview:-1"},"canonical":"https:\/\/onzemm.com\/","og_locale":"fr_FR","og_type":"article","og_title":"Atelier de cr\u00e9ation de maquettes physiques et num\u00e9riques d'architecture","og_description":"Construction de maquettes physiques, d\u00e9coupe laser, d\u00e9coupe CNC, impression 3D, imagerie 3D, r\u00e9alit\u00e9 virtuelle, r\u00e9alit\u00e9 augment\u00e9e...","og_url":"https:\/\/onzemm.com\/","og_site_name":"Onze mm","article_modified_time":"2023-02-28T09:13:35+00:00","og_image":[{"width":345,"height":389,"url":"https:\/\/onzemm.com\/wp-content\/uploads\/2022\/05\/logo-Onze-mm.png","type":"image\/png"}],"twitter_card":"summary_large_image","twitter_misc":{"Dur\u00e9e de lecture estim\u00e9e":"2 minutes"},"schema":{"@context":"https:\/\/schema.org","@graph":[{"@type":"WebPage","@id":"https:\/\/onzemm.com\/","url":"https:\/\/onzemm.com\/","name":"Atelier de cr\u00e9ation de maquettes physiques et num\u00e9riques d'architecture","isPartOf":{"@id":"https:\/\/onzemm.com\/#website"},"datePublished":"2022-02-17T11:03:04+00:00","dateModified":"2023-02-28T09:13:35+00:00","description":"Construction de maquettes physiques, d\u00e9coupe laser, d\u00e9coupe CNC, impression 3D, imagerie 3D, r\u00e9alit\u00e9 virtuelle, r\u00e9alit\u00e9 augment\u00e9e...","breadcrumb":{"@id":"https:\/\/onzemm.com\/#breadcrumb"},"inLanguage":"fr-FR","potentialAction":[{"@type":"ReadAction","target":["https:\/\/onzemm.com\/"]}]},{"@type":"BreadcrumbList","@id":"https:\/\/onzemm.com\/#breadcrumb","itemListElement":[{"@type":"ListItem","position":1,"name":"Accueil","item":"https:\/\/onzemm.com\/"},{"@type":"ListItem","position":2,"name":"Accueil"}]},{"@type":"WebSite","@id":"https:\/\/onzemm.com\/#website","url":"https:\/\/onzemm.com\/","name":"Onze mm","description":"Cr\u00e9ation de maquettes d&#039;architecture","potentialAction":[{"@type":"SearchAction","target":{"@type":"EntryPoint","urlTemplate":"https:\/\/onzemm.com\/?s={search_term_string}"},"query-input":"required name=search_term_string"}],"inLanguage":"fr-FR"}]}},"_links":{"self":[{"href":"https:\/\/onzemm.com\/index.php\/wp-json\/wp\/v2\/pages\/311","targetHints":{"allow":["GET"]}}],"collection":[{"href":"https:\/\/onzemm.com\/index.php\/wp-json\/wp\/v2\/pages"}],"about":[{"href":"https:\/\/onzemm.com\/index.php\/wp-json\/wp\/v2\/types\/page"}],"author":[{"embeddable":true,"href":"https:\/\/onzemm.com\/index.php\/wp-json\/wp\/v2\/users\/1"}],"replies":[{"embeddable":true,"href":"https:\/\/onzemm.com\/index.php\/wp-json\/wp\/v2\/comments?post=311"}],"version-history":[{"count":57,"href":"https:\/\/onzemm.com\/index.php\/wp-json\/wp\/v2\/pages\/311\/revisions"}],"predecessor-version":[{"id":1575,"href":"https:\/\/onzemm.com\/index.php\/wp-json\/wp\/v2\/pages\/311\/revisions\/1575"}],"wp:featuredmedia":[{"embeddable":true,"href":"https:\/\/onzemm.com\/index.php\/wp-json\/wp\/v2\/media\/1134"}],"wp:attachment":[{"href":"https:\/\/onzemm.com\/index.php\/wp-json\/wp\/v2\/media?parent=311"}],"curies":[{"name":"wp","href":"https:\/\/api.w.org\/{rel}","templated":true}]}}