{"id":77,"date":"2022-01-28T00:08:52","date_gmt":"2022-01-27T23:08:52","guid":{"rendered":"https:\/\/onzemm.com\/?page_id=77"},"modified":"2022-08-16T12:22:00","modified_gmt":"2022-08-16T10:22:00","slug":"a-propos","status":"publish","type":"page","link":"https:\/\/onzemm.com\/index.php\/a-propos\/","title":{"rendered":"A propos"},"content":{"rendered":"<p>[et_pb_section fb_built=\u00a0\u00bb1&Prime; _builder_version=\u00a0\u00bb4.16&Prime; custom_padding=\u00a0\u00bb0px||0px|||\u00a0\u00bb global_colors_info=\u00a0\u00bb{}\u00a0\u00bb][et_pb_row column_structure=\u00a0\u00bb1_2,1_2&Prime; custom_padding_last_edited=\u00a0\u00bbon|phone\u00a0\u00bb _builder_version=\u00a0\u00bb4.17.3&Prime; custom_padding=\u00a0\u00bb0px||77px|0px||\u00a0\u00bb custom_padding_tablet=\u00a0\u00bb0px||60px|0px|false|false\u00a0\u00bb custom_padding_phone=\u00a0\u00bb0px||30px|0px|false|false\u00a0\u00bb global_colors_info=\u00a0\u00bb{}\u00a0\u00bb][et_pb_column type=\u00a0\u00bb1_2&Prime; _builder_version=\u00a0\u00bb4.16&Prime; global_colors_info=\u00a0\u00bb{}\u00a0\u00bb][et_pb_text _builder_version=\u00a0\u00bb4.17.4&Prime; header_font=\u00a0\u00bbOpen Sans|800||on|||||\u00a0\u00bb header_text_color=\u00a0\u00bb#001545&Prime; header_font_size=\u00a0\u00bb34px\u00a0\u00bb header_line_height=\u00a0\u00bb1.6em\u00a0\u00bb custom_margin=\u00a0\u00bb62px||10px||false|false\u00a0\u00bb custom_padding=\u00a0\u00bb|||0px|false|false\u00a0\u00bb custom_padding_tablet=\u00a0\u00bb|||0px|false|false\u00a0\u00bb custom_padding_phone=\u00a0\u00bb|0px||0px|false|true\u00a0\u00bb custom_padding_last_edited=\u00a0\u00bbon|tablet\u00a0\u00bb animation_direction=\u00a0\u00bbleft\u00a0\u00bb header_font_size_tablet=\u00a0\u00bb34px\u00a0\u00bb header_font_size_phone=\u00a0\u00bb30px\u00a0\u00bb header_font_size_last_edited=\u00a0\u00bbon|phone\u00a0\u00bb global_colors_info=\u00a0\u00bb{}\u00a0\u00bb]<\/p>\n<h1>A propos de Onze mm<\/h1>\n<p>[\/et_pb_text][et_pb_divider color=\u00a0\u00bb#efc53b\u00a0\u00bb divider_style=\u00a0\u00bboutset\u00a0\u00bb divider_weight=\u00a0\u00bb2px\u00a0\u00bb _builder_version=\u00a0\u00bb4.17.4&Prime; width=\u00a0\u00bb15%\u00a0\u00bb width_tablet=\u00a0\u00bb17%\u00a0\u00bb width_phone=\u00a0\u00bb26%\u00a0\u00bb width_last_edited=\u00a0\u00bbon|phone\u00a0\u00bb module_alignment=\u00a0\u00bbleft\u00a0\u00bb custom_margin=\u00a0\u00bb||10px||false|false\u00a0\u00bb custom_margin_tablet=\u00a0\u00bb||15px||false|false\u00a0\u00bb custom_margin_phone=\u00a0\u00bb10px||15px||false|false\u00a0\u00bb custom_margin_last_edited=\u00a0\u00bbon|phone\u00a0\u00bb custom_padding=\u00a0\u00bb|0px|12px|0px||true\u00a0\u00bb animation_style=\u00a0\u00bbfade\u00a0\u00bb animation_duration=\u00a0\u00bb1400ms\u00a0\u00bb global_colors_info=\u00a0\u00bb{}\u00a0\u00bb][\/et_pb_divider][et_pb_text _builder_version=\u00a0\u00bb4.17.4&Prime; text_font=\u00a0\u00bbOpen Sans|300|||||||\u00a0\u00bb text_text_color=\u00a0\u00bb#001545&Prime; text_font_size=\u00a0\u00bb16px\u00a0\u00bb text_line_height=\u00a0\u00bb1.6em\u00a0\u00bb header_font=\u00a0\u00bbBarlow|||on|||||\u00a0\u00bb custom_margin=\u00a0\u00bb-11px||-7px||false|false\u00a0\u00bb custom_padding=\u00a0\u00bb|||0px|false|false\u00a0\u00bb animation_direction=\u00a0\u00bbtop\u00a0\u00bb global_colors_info=\u00a0\u00bb{}\u00a0\u00bb]<\/p>\n<p><strong>ONZE<\/strong> comme <strong>75011<\/strong>, notre arrondissement de c\u0153ur abritant notre atelier situ\u00e9 au c\u0153ur du Faubourg Saint-<br \/>Antoine, berceau de l\u2019artisanat parisien mm\u00a0pour millim\u00e8tre, l&rsquo;unit\u00e9 de mesure privil\u00e9gi\u00e9e pour la r\u00e9alisation de maquettes.<br \/>Apr\u00e8s pr\u00e8s de 10 ann\u00e9es pass\u00e9es \u00e0 perfectionner sa technique au sein d\u2019ateliers maquette sp\u00e9cialis\u00e9s ou int\u00e9gr\u00e9s, Alexandre cr\u00e9e <strong>onze mm<\/strong> en 2019, pouss\u00e9 par le besoin d&rsquo;exprimer sa cr\u00e9ativit\u00e9 et port\u00e9 par la certitude qu&rsquo;il existe un besoin permanent de maquettes physiques ou num\u00e9riques.<\/p>\n<p>&nbsp;<\/p>\n<p>[\/et_pb_text][et_pb_image src=\u00a0\u00bbhttps:\/\/onzemm.com\/wp-content\/uploads\/2022\/03\/maquette-darchitecture-en-bois-1.jpg\u00a0\u00bb title_text=\u00a0\u00bbmaquette d&rsquo;architecture en bois (1)\u00a0\u00bb disabled_on=\u00a0\u00bboff|off|on\u00a0\u00bb _builder_version=\u00a0\u00bb4.17.3&Prime; custom_margin=\u00a0\u00bb30px|-1px|60px||false|false\u00a0\u00bb custom_padding=\u00a0\u00bb|0px||||\u00a0\u00bb animation_style=\u00a0\u00bbfade\u00a0\u00bb animation_direction=\u00a0\u00bbbottom\u00a0\u00bb global_colors_info=\u00a0\u00bb{}\u00a0\u00bb][\/et_pb_image][et_pb_text _builder_version=\u00a0\u00bb4.17.4&Prime; text_font=\u00a0\u00bbOpen Sans|300|||||||\u00a0\u00bb text_text_color=\u00a0\u00bb#001545&Prime; text_font_size=\u00a0\u00bb16px\u00a0\u00bb text_line_height=\u00a0\u00bb1.6em\u00a0\u00bb header_font=\u00a0\u00bbBarlow|||on|||||\u00a0\u00bb custom_margin=\u00a0\u00bb-11px||||false|false\u00a0\u00bb custom_padding=\u00a0\u00bb|||0px|false|false\u00a0\u00bb animation_direction=\u00a0\u00bbtop\u00a0\u00bb global_colors_info=\u00a0\u00bb{}\u00a0\u00bb]<\/p>\n<p>Nos engagements :<\/p>\n<p><strong>R\u00e9activit\u00e9<\/strong> : nous nous engageons \u00e0 envoyer un<br \/>devis sous 24h et avons \u00e0 c\u0153ur de respecter les<br \/>d\u00e9lais pour lesquels nous nous engageons.<br \/><strong>Sensibilit\u00e9 cr\u00e9ative<\/strong> : nous effectuons des<br \/>recherches approfondies pour proposer les<br \/>associations de mat\u00e9riaux, de couleurs et<br \/>d\u2019\u00e9l\u00e9ments r\u00e9alistes les plus harmonieuses pour<br \/>concevoir nos maquettes. Le tout r\u00e9alis\u00e9 avec<br \/>amour et minutie !<br \/><strong>Budget<\/strong> : Un prix juste qui tient compte des<br \/>contraintes de l\u2019atelier, du besoin client et de la<br \/>r\u00e9alit\u00e9 du march\u00e9.<\/p>\n<p>[\/et_pb_text][\/et_pb_column][et_pb_column type=\u00a0\u00bb1_2&Prime; _builder_version=\u00a0\u00bb4.16&Prime; global_colors_info=\u00a0\u00bb{}\u00a0\u00bb][et_pb_image src=\u00a0\u00bbhttps:\/\/onzemm.com\/wp-content\/uploads\/2022\/03\/maquette-darchitecture-en-bois-1.jpg\u00a0\u00bb title_text=\u00a0\u00bbmaquette d&rsquo;architecture en bois (1)\u00a0\u00bb disabled_on=\u00a0\u00bbon|on|off\u00a0\u00bb _builder_version=\u00a0\u00bb4.17.4&Prime; custom_margin=\u00a0\u00bb72px|-1px|||false|false\u00a0\u00bb custom_padding=\u00a0\u00bb|0px||||\u00a0\u00bb animation_style=\u00a0\u00bbfade\u00a0\u00bb animation_direction=\u00a0\u00bbbottom\u00a0\u00bb global_colors_info=\u00a0\u00bb{}\u00a0\u00bb][\/et_pb_image][\/et_pb_column][\/et_pb_row][\/et_pb_section]<\/p>\n","protected":false},"excerpt":{"rendered":"<p>A propos de Onze mmONZE comme 75011, notre arrondissement de c\u0153ur abritant notre atelier situ\u00e9 au c\u0153ur du Faubourg Saint-Antoine, berceau de l\u2019artisanat parisien mm\u00a0pour millim\u00e8tre, l&rsquo;unit\u00e9 de mesure privil\u00e9gi\u00e9e pour la r\u00e9alisation de maquettes.Apr\u00e8s pr\u00e8s de 10 ann\u00e9es pass\u00e9es \u00e0 perfectionner sa technique au sein d\u2019ateliers maquette sp\u00e9cialis\u00e9s ou int\u00e9gr\u00e9s, Alexandre cr\u00e9e onze mm [&hellip;]<\/p>\n","protected":false},"author":1,"featured_media":1134,"parent":0,"menu_order":0,"comment_status":"closed","ping_status":"closed","template":"","meta":{"_et_pb_use_builder":"on","_et_pb_old_content":"","_et_gb_content_width":"","inline_featured_image":false,"footnotes":""},"class_list":["post-77","page","type-page","status-publish","has-post-thumbnail","hentry"],"yoast_head":"<!-- This site is optimized with the Yoast SEO plugin v21.5 - https:\/\/yoast.com\/wordpress\/plugins\/seo\/ -->\n<title>A propos de Onze mm<\/title>\n<meta name=\"description\" content=\"ONZE comme 75011, notre arrondissement de c\u0153ur abritant notre atelier situ\u00e9 au c\u0153ur du Faubourg Saint-Antoine, berceau de l\u2019artisanat parisien...\" \/>\n<meta name=\"robots\" content=\"index, follow, max-snippet:-1, max-image-preview:large, max-video-preview:-1\" \/>\n<link rel=\"canonical\" href=\"https:\/\/onzemm.com\/index.php\/a-propos\/\" \/>\n<meta property=\"og:locale\" content=\"fr_FR\" \/>\n<meta property=\"og:type\" content=\"article\" \/>\n<meta property=\"og:title\" content=\"A propos de Onze mm\" \/>\n<meta property=\"og:description\" content=\"ONZE comme 75011, notre arrondissement de c\u0153ur abritant notre atelier situ\u00e9 au c\u0153ur du Faubourg Saint-Antoine, berceau de l\u2019artisanat parisien...\" \/>\n<meta property=\"og:url\" content=\"https:\/\/onzemm.com\/index.php\/a-propos\/\" \/>\n<meta property=\"og:site_name\" content=\"Onze mm\" \/>\n<meta property=\"article:modified_time\" content=\"2022-08-16T10:22:00+00:00\" \/>\n<meta property=\"og:image\" content=\"https:\/\/onzemm.com\/wp-content\/uploads\/2022\/05\/logo-Onze-mm.png\" \/>\n\t<meta property=\"og:image:width\" content=\"345\" \/>\n\t<meta property=\"og:image:height\" content=\"389\" \/>\n\t<meta property=\"og:image:type\" content=\"image\/png\" \/>\n<meta name=\"twitter:card\" content=\"summary_large_image\" \/>\n<meta name=\"twitter:label1\" content=\"Dur\u00e9e de lecture estim\u00e9e\" \/>\n\t<meta name=\"twitter:data1\" content=\"2 minutes\" \/>\n<script type=\"application\/ld+json\" class=\"yoast-schema-graph\">{\"@context\":\"https:\/\/schema.org\",\"@graph\":[{\"@type\":\"WebPage\",\"@id\":\"https:\/\/onzemm.com\/index.php\/a-propos\/\",\"url\":\"https:\/\/onzemm.com\/index.php\/a-propos\/\",\"name\":\"A propos de Onze mm\",\"isPartOf\":{\"@id\":\"https:\/\/onzemm.com\/#website\"},\"datePublished\":\"2022-01-27T23:08:52+00:00\",\"dateModified\":\"2022-08-16T10:22:00+00:00\",\"description\":\"ONZE comme 75011, notre arrondissement de c\u0153ur abritant notre atelier situ\u00e9 au c\u0153ur du Faubourg Saint-Antoine, berceau de l\u2019artisanat parisien...\",\"breadcrumb\":{\"@id\":\"https:\/\/onzemm.com\/index.php\/a-propos\/#breadcrumb\"},\"inLanguage\":\"fr-FR\",\"potentialAction\":[{\"@type\":\"ReadAction\",\"target\":[\"https:\/\/onzemm.com\/index.php\/a-propos\/\"]}]},{\"@type\":\"BreadcrumbList\",\"@id\":\"https:\/\/onzemm.com\/index.php\/a-propos\/#breadcrumb\",\"itemListElement\":[{\"@type\":\"ListItem\",\"position\":1,\"name\":\"Accueil\",\"item\":\"https:\/\/onzemm.com\/\"},{\"@type\":\"ListItem\",\"position\":2,\"name\":\"A propos\"}]},{\"@type\":\"WebSite\",\"@id\":\"https:\/\/onzemm.com\/#website\",\"url\":\"https:\/\/onzemm.com\/\",\"name\":\"Onze mm\",\"description\":\"Cr\u00e9ation de maquettes d&#039;architecture\",\"potentialAction\":[{\"@type\":\"SearchAction\",\"target\":{\"@type\":\"EntryPoint\",\"urlTemplate\":\"https:\/\/onzemm.com\/?s={search_term_string}\"},\"query-input\":\"required name=search_term_string\"}],\"inLanguage\":\"fr-FR\"}]}<\/script>\n<!-- \/ Yoast SEO plugin. -->","yoast_head_json":{"title":"A propos de Onze mm","description":"ONZE comme 75011, notre arrondissement de c\u0153ur abritant notre atelier situ\u00e9 au c\u0153ur du Faubourg Saint-Antoine, berceau de l\u2019artisanat parisien...","robots":{"index":"index","follow":"follow","max-snippet":"max-snippet:-1","max-image-preview":"max-image-preview:large","max-video-preview":"max-video-preview:-1"},"canonical":"https:\/\/onzemm.com\/index.php\/a-propos\/","og_locale":"fr_FR","og_type":"article","og_title":"A propos de Onze mm","og_description":"ONZE comme 75011, notre arrondissement de c\u0153ur abritant notre atelier situ\u00e9 au c\u0153ur du Faubourg Saint-Antoine, berceau de l\u2019artisanat parisien...","og_url":"https:\/\/onzemm.com\/index.php\/a-propos\/","og_site_name":"Onze mm","article_modified_time":"2022-08-16T10:22:00+00:00","og_image":[{"width":345,"height":389,"url":"https:\/\/onzemm.com\/wp-content\/uploads\/2022\/05\/logo-Onze-mm.png","type":"image\/png"}],"twitter_card":"summary_large_image","twitter_misc":{"Dur\u00e9e de lecture estim\u00e9e":"2 minutes"},"schema":{"@context":"https:\/\/schema.org","@graph":[{"@type":"WebPage","@id":"https:\/\/onzemm.com\/index.php\/a-propos\/","url":"https:\/\/onzemm.com\/index.php\/a-propos\/","name":"A propos de Onze mm","isPartOf":{"@id":"https:\/\/onzemm.com\/#website"},"datePublished":"2022-01-27T23:08:52+00:00","dateModified":"2022-08-16T10:22:00+00:00","description":"ONZE comme 75011, notre arrondissement de c\u0153ur abritant notre atelier situ\u00e9 au c\u0153ur du Faubourg Saint-Antoine, berceau de l\u2019artisanat parisien...","breadcrumb":{"@id":"https:\/\/onzemm.com\/index.php\/a-propos\/#breadcrumb"},"inLanguage":"fr-FR","potentialAction":[{"@type":"ReadAction","target":["https:\/\/onzemm.com\/index.php\/a-propos\/"]}]},{"@type":"BreadcrumbList","@id":"https:\/\/onzemm.com\/index.php\/a-propos\/#breadcrumb","itemListElement":[{"@type":"ListItem","position":1,"name":"Accueil","item":"https:\/\/onzemm.com\/"},{"@type":"ListItem","position":2,"name":"A propos"}]},{"@type":"WebSite","@id":"https:\/\/onzemm.com\/#website","url":"https:\/\/onzemm.com\/","name":"Onze mm","description":"Cr\u00e9ation de maquettes d&#039;architecture","potentialAction":[{"@type":"SearchAction","target":{"@type":"EntryPoint","urlTemplate":"https:\/\/onzemm.com\/?s={search_term_string}"},"query-input":"required name=search_term_string"}],"inLanguage":"fr-FR"}]}},"_links":{"self":[{"href":"https:\/\/onzemm.com\/index.php\/wp-json\/wp\/v2\/pages\/77","targetHints":{"allow":["GET"]}}],"collection":[{"href":"https:\/\/onzemm.com\/index.php\/wp-json\/wp\/v2\/pages"}],"about":[{"href":"https:\/\/onzemm.com\/index.php\/wp-json\/wp\/v2\/types\/page"}],"author":[{"embeddable":true,"href":"https:\/\/onzemm.com\/index.php\/wp-json\/wp\/v2\/users\/1"}],"replies":[{"embeddable":true,"href":"https:\/\/onzemm.com\/index.php\/wp-json\/wp\/v2\/comments?post=77"}],"version-history":[{"count":46,"href":"https:\/\/onzemm.com\/index.php\/wp-json\/wp\/v2\/pages\/77\/revisions"}],"predecessor-version":[{"id":1539,"href":"https:\/\/onzemm.com\/index.php\/wp-json\/wp\/v2\/pages\/77\/revisions\/1539"}],"wp:featuredmedia":[{"embeddable":true,"href":"https:\/\/onzemm.com\/index.php\/wp-json\/wp\/v2\/media\/1134"}],"wp:attachment":[{"href":"https:\/\/onzemm.com\/index.php\/wp-json\/wp\/v2\/media?parent=77"}],"curies":[{"name":"wp","href":"https:\/\/api.w.org\/{rel}","templated":true}]}}